{"id":707,"date":"2025-06-05T07:39:56","date_gmt":"2025-06-05T07:39:56","guid":{"rendered":"https:\/\/wocadenmark.com\/es\/product\/master-filler-aqua\/"},"modified":"2026-04-11T16:06:04","modified_gmt":"2026-04-11T16:06:04","slug":"master-filler-aqua","status":"publish","type":"product","link":"https:\/\/wocadenmark.com\/es\/master-filler-aqua","title":{"rendered":"Master Filler Aqua"},"content":{"rendered":"<div class=\"sp-single-product-view\">\n<div class=\"sp-product-gallery\">\n   <div class=\"sp-product-gallery-images-outer\">\n      <div class=\"sp-product-gallery-images selected\" data-color-id=\"550080746-farvel\u00f8s\" data-volume-id=\"550080746-5\">\n<div class=\"sp-product-gallery-image-container\">\n  <div class=\"sp-product-gallery-image\" data-id=\"sp-galleryimage-00\" spid=\"00\">\n    <img decoding=\"async\" src=\"https:\/\/wocadenmark.com\/es\/wp-content\/uploads\/sites\/10\/2025\/10\/master-filler-aqua-5L_740556A-scaled.webp\"  \/>\n  <\/div>\n<\/div>\n<div class=\"sp-product-gallery-image-container\">\n  <div class=\"sp-product-gallery-image\" data-id=\"sp-galleryimage-01\" spid=\"01\">\n    <img decoding=\"async\" src=\"https:\/\/wocadenmark.com\/es\/wp-content\/uploads\/sites\/10\/2025\/07\/MP2081_FARVELOS_Master-Filler-Aqua.webp\"  \/>\n  <\/div>\n<\/div>\n<\/div>\n\n<div class=\"sp-product-gallery-arrows\">\n      <div class=\"sp-prodgallery-prev\"><\/div>\n      <div class=\"sp-prodgallery-next\"><\/div>\n   <\/div>\n   <\/div>\n<div class=\"sp-product-gallery-thumbs-outer\">\n      <div class=\"sp-product-gallery-thumbs selected\" data-color-id=\"550080746-farvel\u00f8s\" data-volume-id=\"550080746-5\">\n<div class=\"sp-product-gallery-thumb-container\">\n  <div class=\"sp-product-gallery-thumb\" data-id=\"sp-gallerythumb-00\" spid=\"00\">\n    <img decoding=\"async\" src=\"https:\/\/wocadenmark.com\/es\/wp-content\/uploads\/sites\/10\/2025\/10\/master-filler-aqua-5L_740556A-scaled.webp\"  \/>\n  <\/div>\n<\/div>\n<div class=\"sp-product-gallery-thumb-container\">\n  <div class=\"sp-product-gallery-thumb\" data-id=\"sp-gallerythumb-01\" spid=\"01\">\n    <img decoding=\"async\" src=\"https:\/\/wocadenmark.com\/es\/wp-content\/uploads\/sites\/10\/2025\/07\/MP2081_FARVELOS_Master-Filler-Aqua.webp\"  \/>\n  <\/div>\n<\/div>\n<\/div>\n\n<\/div>\n<\/div>\n <section class=\"sp-product-info\">\n    <h1>Master Filler Aqua<\/h1>\n    <p class=\"sp-sku\">N\u00ba de art\u00edculo: <span class=\"sp-variation-itemno selected\" data-color-id=\"550080746-farvel\u00f8s\" data-volume-id=\"550080746-5\">\n740556A\n<\/span><\/p>\n \n    <div class=\"sp-product-features\">\n      <h2>Masilla de relleno de base acuosa para suelos de madera<\/h2>\n      <ul>\n        <li>F\u00e1cil de lijar<\/li>\n<li>Base acuosa<\/li>\n<li>Consistencia el\u00e1stica<\/li>\n<li>Olor neutro<\/li>\n\n      <\/ul>\n    <\/div>\n \n\n    <div class=\"sp-product-variation-selectors\">\n      <div class=\"sp-color-options\">\n        <h3>Colores<\/h3>\n        <p class=\"note\">*La muestra de madera se muestra en roble<\/p>\n        <div class=\"sp-swatches\">\n          \n<div class=\"sp-swatch\" data-color-id=\"550080746-farvel\u00f8s\" data-color-sort=\"10\" data-awailabl-sizes=\"5 L\">\n<img decoding=\"async\" src=\"https:\/\/wocadenmark.com\/es\/wp-content\/uploads\/sites\/10\/2025\/07\/MP2081_FARVELOS_Master-Filler-Aqua-150x150.webp\"  class=\"sp-swatch-image\" \/>\n<div class=\"sp-swatch-text\">Incoloro<\/div>\n<\/div>\n\n\n        <\/div>\n      <\/div>\n \n      <div class=\"sp-size-options\">\n        <h3>Embalaje<\/h3>\n        <div class=\"sp-sizes\">\n          \n<button class=\"sp-var-size \" data-volume-id=\"550080746-5\">5 L<\/button>\n\n\n        <\/div>\n      <\/div>\n \n      <div class=\"sp-certifications\">\n        <h3>Certificaciones<\/h3>\n        <div class=\"sp-certificate selected\" data-color-id=\"550080746-farvel\u00f8s\" data-volume-id=\"550080746-5\">\n        <img decoding=\"async\" class=\"sp-cert-image\" src=\"https:\/\/connect.skypim.com\/show?objectid=&amp;template=medium\" alt=\"\" \/>        \n        \n\n<\/div>\n      <\/div>\n    <\/div>\n \n\n \n  <\/section>\n\n<!-- Gr\u00e5 section med produktdetaljer: -->\n<section class=\"sp-product-details\">\n<div class=\"sp-product-details-header\">Detalles del producto<\/div>\n  <div class=\"sp-tabs-section\">\n    <nav class=\"sp-tab-menu\">\n      <div class=\"sp-tab active\" data-id=\"description\" data-tab-index=\"1\">Descripci\u00f3n<\/div>\n      <div class=\"sp-tab\" data-id=\"technical-data\" data-tab-index=\"2\">Datos t\u00e9cnicos<\/div>\n      <div class=\"sp-tab\" data-id=\"worksteps\" data-tab-index=\"3\">Pasos de trabajo<\/div>\n  \n    <div class=\"sp-tab\" data-id=\"faq\" data-tab-index=\"4\">FAQ<\/div>\n    <div class=\"sp-tab\" data-id=\"guides\" data-tab-index=\"5\">Guides<\/div>\n    <div class=\"sp-tab\" data-id=\"downloads\" data-tab-index=\"6\">Descargas<\/div>\n    <\/nav>\n    <div class=\"sp-tab-content\">\n      <div class=\"sp-tab-panel active\" data-id=\"description\">\n        <!-- description content -->\n        <p>Master Filler Aqua es una masilla de relleno con base de agua y f\u00e1cil de lijar para juntas, agujeros, orificios y grietas en suelos de parqu\u00e9 de madera como por ejemplo instalaciones a junta perdida o en espiga. La masilla produce un acabado uniforme, es muy f\u00e1cil de trabajar y no se agrieta, ya que es el\u00e1stica y permite actuar a la madera.<\/p>\n<ul class=\"danger-icons\">\n<\/ul>\n<ul class=\"danger-description\">\n   <li>Contiene: 1,2-benzisothiazol-3(2H)-one.. Puede provocar una reacci\u00f3n al\u00e9rgica. <\/li>\n   <li>Puede solicitarse la ficha de datos de seguridad.<\/li>\n<\/ul>\n      <\/div>\n      <div class=\"sp-tab-panel\" data-id=\"technical-data\">\n        <!-- technical data content -->\n       \n <div class=\"sp-techdata-table selected\" data-color-id=\"550080746-farvel\u00f8s\" data-volume-id=\"550080746-5\">\n   <div class=\"sp-techdata-row\">\n      <div class=\"sp-techdata-label\">VOC:<\/div>\n      <div class=\"sp-techdata-value\">0 g\/l, contenido m\u00e1ximo de COV (A\/e (BA)): 130 g\/l.<\/div>\n   <\/div>\n   <div class=\"sp-techdata-row\">\n      <div class=\"sp-techdata-label\">Durabilidad:<\/div>\n      <div class=\"sp-techdata-value\">1 a\u00f1o<\/div>\n   <\/div>\n   <div class=\"sp-techdata-row\">\n      <div class=\"sp-techdata-label\">Temperatura de aplicaci\u00f3n:<\/div>\n      <div class=\"sp-techdata-value\">10-25<\/div>\n   <\/div>\n   <div class=\"sp-techdata-row\">\n      <div class=\"sp-techdata-label\">Rendimiento:<\/div>\n      <div class=\"sp-techdata-value\">15-20 m\u00b2\/L<\/div>\n  <\/div>\n   <div class=\"sp-techdata-row\">\n      <div class=\"sp-techdata-label\">Colour product:<\/div>\n      <div class=\"sp-techdata-value\">Incoloro<\/div>\n  <\/div>\n   <div class=\"sp-techdata-row\">\n      <div class=\"sp-techdata-label\">Envases:<\/div>\n      <div class=\"sp-techdata-value\">5 L<\/div>\n  <\/div>\n<\/div>\n\n\n\n\n\n      <\/div>\n      <div class=\"sp-tab-panel\" data-id=\"worksteps\">\n        <!-- worksteps content -->\n<div id=\"sp-workstep-main\">\n        \n<div class=\"sp-worksteps\">\n        <p>La superficie debe estar totalmente limpia, seca y libre de polvo, cera, grasa, pulimento, etc. Elimine la suciedad y las irregularidades con una lijadora. Antes de aplicar Master Filler Aqua, utilice una lija de grano 60-80 para el pulido final.<\/p>\n        <p>Recuerde siempre hacer una prueba en un lugar poco visible, a fin de verificar la compatibilidad de la superficie con el producto.<\/p>\n        <li>Agite bien el envase antes de usar el producto.<\/li><li>Mezcle Master Filler Aqua y el serr\u00edn del lijado para formar una pasta blanda y fluida. La estructura de la masilla puede modificarse utilizando restos de lijado bastos o finos.<\/li><li>Distribuya la masilla de relleno de forma regular con un aplicador de acero inoxidable. Repita si es preciso.<\/li><li>Lije la superficie con lija de grano 100-120 cuando la superficie est\u00e9 seca.<\/li><li>Despu\u00e9s, puede barnizarse la superficie con cualquiera de los barnices WOCA, de acuerdo con las instrucciones del producto.<\/li>\n        <p>Debe tenerse en cuenta la compatibilidad con maderas con niveles elevados de \u00e1cido t\u00e1nico, o en el caso de maderas ex\u00f3ticas.\nMaster Filler Aqua no debe diluirse.<\/p>\n<\/div>\n<\/div>\n<div class=\"sp-workstep-use\">\n<div class=\"sp-workstep-use-header\">Productos que necesita<\/div>\n<div class=\"sp-workstep-use-container\">\n        \n<\/div>\n<\/div>\n      <\/div>\n       <div class=\"sp-tab-panel\" data-id=\"faq\">\n        <!-- FAQ content-->\n<div class=\"sp-faq-container\">\n        ERROR: ORA-00907: missing right parenthesis\n      <\/div>\n  <\/div>\n      <div class=\"sp-tab-panel\" data-id=\"guides\">\n        <!-- Guides content -->\n<div class=\"sp-guide-container\">\n        \n      <\/div>     \n <\/div>\n      <div class=\"sp-tab-panel\" data-id=\"downloads\">\n        <!-- downloads content -->\n           <div class=\"sp-downloads-tab-content selected\" data-color-id=\"550080746-farvel\u00f8s\" data-volume-id=\"550080746-5\">\n     <div class=\"sp-downloads-tab-item\">\n       <a href=\"https:\/\/connect.skypim.com\/showinline?objectid=576972530&amp;template=ORG\" class=\"sp-download-button\" target=\"_blank\" rel=\"noopener noreferrer\">\n         <div class=\"sp-downloads-tab-item-text\">Imagen del producto<\/div>\n       <\/a>\n     <\/div>\n     <div class=\"sp-downloads-tab-item\">\n       <a href=\"https:\/\/connect.skypim.com\/showinline?objectid=549904545&amp;template=ORG\" class=\"sp-download-button\" target=\"_blank\" rel=\"noopener noreferrer\">\n         <div class=\"sp-downloads-tab-item-text\">Ficha t\u00e9cnica<\/div>\n       <\/a>\n     <\/div>\n     <div class=\"sp-downloads-tab-item\">\n       <a href=\"https:\/\/connect.skypim.com\/showinline?objectid=555908012&amp;template=ORG\" class=\"sp-download-button\" target=\"_blank\" rel=\"noopener noreferrer\">\n         <div class=\"sp-downloads-tab-item-text\">Hoja de datos de seguridad<\/div>\n       <\/a>\n     <\/div>\n   <\/div>\n\n      <\/div>\n   <\/div>\n  <\/div>\n<\/section>\n<div class=\"sp-related-products\">\n<div class=\"sp-related-products-header\">Productos relacionados<\/div>\n<div class=\"sp-related-products-content\">\n\n<div class=\"sp-repeater-item sp-product-loop-item\" data-sku=\"684510A,684525A,684510SA,MP2062\" data-name=\"Master Cleaner\">\n<a href=\"\/es\/master-cleaner\"> \n\n<div class=\"sp-product-loop-image\"> <img decoding=\"async\" src=\"https:\/\/wocadenmark.com\/es\/wp-content\/uploads\/sites\/10\/2026\/01\/master-cleaner-1L_684510A-500x500.webp\"  \/>\n<\/div> \n<h3 class=\"woocommerce-loop-product__title\">Master Cleaner<\/h3>\n<\/a>\n<div class=\"sp-loop-shortdescription\">\nPara suelos barnizados, de vinilo\/LVT y laminados\n<\/div>\n<div class=\"sp-loop-extrainfo\">\n\n\n<\/div>\n<\/div>\n\n<div class=\"sp-repeater-item sp-product-loop-item\" data-sku=\"690151A,MP2091\" data-name=\"Master Base Primer, natural\">\n<a href=\"\/es\/master-base-primer\"> \n\n<div class=\"sp-product-loop-image\"> <img decoding=\"async\" src=\"https:\/\/wocadenmark.com\/es\/wp-content\/uploads\/sites\/10\/2025\/10\/master-base-primer-natural-5L_690151A-500x500.webp\"  \/>\n<\/div> \n<h3 class=\"woocommerce-loop-product__title\">Master Base Primer, natural<\/h3>\n<\/a>\n<div class=\"sp-loop-shortdescription\">\nImprimaci\u00f3n de la madera antes de barnizar\n<\/div>\n<div class=\"sp-loop-extrainfo\">\n\n\n<\/div>\n<\/div>\n\n<div class=\"sp-repeater-item sp-product-loop-item\" data-sku=\"551505A,551510A,551525SA,551525A,551510SA,MP2045\" data-name=\"Intensive Wood Cleaner\">\n<a href=\"\/es\/intensive-wood-cleaner\"> \n\n<div class=\"sp-product-loop-image\"> <img decoding=\"async\" src=\"https:\/\/wocadenmark.com\/es\/wp-content\/uploads\/sites\/10\/2026\/01\/intensive-wood-cleaner-1L_551510A-500x500.webp\"  \/>\n<\/div> \n<h3 class=\"woocommerce-loop-product__title\">Intensive Wood Cleaner<\/h3>\n<\/a>\n<div class=\"sp-loop-shortdescription\">\nPreparaci\u00f3n para tratamiento\n<\/div>\n<div class=\"sp-loop-extrainfo\">\n\n\n<\/div>\n<\/div>\n\n<div class=\"sp-repeater-item sp-product-loop-item\" data-sku=\"690150A,MP2083\" data-name=\"Master Multi Primer\">\n<a href=\"\/es\/master-multi-primer\"> \n\n<div class=\"sp-product-loop-image\"> <img decoding=\"async\" src=\"https:\/\/wocadenmark.com\/es\/wp-content\/uploads\/sites\/10\/2025\/10\/master-multi-primer-5L_690150A-500x500.webp\"  \/>\n<\/div> \n<h3 class=\"woocommerce-loop-product__title\">Master Multi Primer<\/h3>\n<\/a>\n<div class=\"sp-loop-shortdescription\">\nBase primer \u2013 Mejora la adhesi\u00f3n de la laca\n<\/div>\n<div class=\"sp-loop-extrainfo\">\n\n\n<\/div>\n<\/div>\n\n<div class=\"sp-repeater-item sp-product-loop-item\" data-sku=\"690141A,690140A,MP2090\" data-name=\"Master RD-2K Lacquer\">\n<a href=\"\/es\/master-rd-2k-lacquer\"> \n\n<div class=\"sp-product-loop-image\"> <img decoding=\"async\" src=\"https:\/\/wocadenmark.com\/es\/wp-content\/uploads\/sites\/10\/2025\/10\/master-rd-2k-lacquer-matt-5L_690140A-500x500.webp\"  \/>\n<\/div> \n<h3 class=\"woocommerce-loop-product__title\">Master RD-2K Lacquer<\/h3>\n<\/a>\n<div class=\"sp-loop-shortdescription\">\nExcelente resistencia y durabilidad para \u00e1reas p\u00fablicas\n<\/div>\n<div class=\"sp-loop-extrainfo\">\n\n\n<\/div>\n<\/div>\n\n<div class=\"sp-repeater-item sp-product-loop-item\" data-sku=\"690125A,690127A,690126A,MP2086\" data-name=\"Master Optima Lacquer\">\n<a href=\"\/es\/master-optima-lacquer\"> \n\n<div class=\"sp-product-loop-image\"> <img decoding=\"async\" src=\"https:\/\/wocadenmark.com\/es\/wp-content\/uploads\/sites\/10\/2025\/10\/master-optima-lacquer-matt-5L_690125A-500x500.webp\"  \/>\n<\/div> \n<h3 class=\"woocommerce-loop-product__title\">Master Optima Lacquer<\/h3>\n<\/a>\n<div class=\"sp-loop-shortdescription\">\nPara zonas comerciales de tr\u00e1nsito medio\n<\/div>\n<div class=\"sp-loop-extrainfo\">\n\n\n<\/div>\n<\/div>\n\n<div class=\"sp-repeater-item sp-product-loop-item\" data-sku=\"690120A,690122A,690121A,MP2085\" data-name=\"Master Vista Lacquer\">\n<a href=\"\/es\/master-vista-lacquer\"> \n\n<div class=\"sp-product-loop-image\"> <img decoding=\"async\" src=\"https:\/\/wocadenmark.com\/es\/wp-content\/uploads\/sites\/10\/2025\/10\/master-vista-lacquer-matt-5L_690120A-500x500.webp\"  \/>\n<\/div> \n<h3 class=\"woocommerce-loop-product__title\">Master Vista Lacquer<\/h3>\n<\/a>\n<div class=\"sp-loop-shortdescription\">\nSoluci\u00f3n de alta calidad para espacios dom\u00e9sticos\n<\/div>\n<div class=\"sp-loop-extrainfo\">\n\n\n<\/div>\n<\/div>\n\n<\/div>\n<\/div>\n<\/div>","protected":false},"excerpt":{"rendered":"<p>Master Filler Aqua Masilla de relleno de base acuosa para suelos de madera F\u00e1cil de lijar Base acuosa Consistencia el\u00e1stica Olor neutro Colores *La muestra de madera se muestra en\u2026<\/p>\n","protected":false},"featured_media":3156,"template":"","meta":{"_acf_changed":false},"product_brand":[],"product_cat":[28,23],"product_tag":[],"class_list":{"0":"post-707","1":"product","2":"type-product","3":"status-publish","4":"has-post-thumbnail","6":"product_cat-products-interior","7":"product_cat-wocaproducts","9":"first","10":"instock","11":"shipping-taxable","12":"product-type-simple"},"acf":{"kort_beskrivelse_omrade":"","indhold_nederst":"","product_splash":"","product_loop_html":"","produktgalleri_html":"","primary_category":"","show_breadcrumb":"","meta_title":"Master Filler Aqua | WOCA Espa\u00f1a - Cuidado Ecol\u00f3gico de la Madera","meta_description":"Master Filler Aqua ? Ecol\u00f3gico ? 100 % calidad danesa desde 1969 ? Entrega r\u00e1pida en Espa\u00f1a","keywords":"","canonical":"","urlkat":"","custom_permalink":"master-filler-aqua","language_selector":"<div class=\"sp-langselector-outer\">\n       <div class=\"sp-langselector-item sp-currentlang\"> <div class=\"sp-langname\">Espa\u00f1ol<\/div>\n       <\/div>\n           <div class=\"sp-langselector-listbox\"><div class=\"sp-langselector-list\">         \n               <div class=\"sp-langselector-item sp-altlang\">\n                   <a href=\"https:\/\/wocadenmark.com\/master-filler-aqua\/\"><div class=\"sp-langname\">English<\/div>\n                   <\/a>\n               <\/div>\n            <\/div><div class=\"sp-langselector-list\">         \n               <div class=\"sp-langselector-item sp-altlang\">\n                   <a href=\"https:\/\/wocadenmark.com\/da\/master-filler-aqua\/\"><div class=\"sp-langname\">Dansk<\/div>\n                   <\/a>\n               <\/div>\n            <\/div><div class=\"sp-langselector-list\">         \n               <div class=\"sp-langselector-item sp-altlang\">\n                   <a href=\"https:\/\/wocadenmark.com\/de\/master-filler-aqua\/\"><div class=\"sp-langname\">Deutsch<\/div>\n                   <\/a>\n               <\/div>\n            <\/div><div class=\"sp-langselector-list\">         \n               <div class=\"sp-langselector-item sp-altlang\">\n                   <a href=\"https:\/\/wocadenmark.com\/fr\/master-filler-aqua\/\"><div class=\"sp-langname\">Fran\u00e7ais<\/div>\n                   <\/a>\n               <\/div>\n            <\/div><div class=\"sp-langselector-list\">         \n               <div class=\"sp-langselector-item sp-altlang\">\n                   <a href=\"https:\/\/wocadenmark.com\/nl\/master-filler-aqua\/\"><div class=\"sp-langname\">Nederlands<\/div>\n                   <\/a>\n               <\/div>\n            <\/div><div class=\"sp-langselector-list\">         \n               <div class=\"sp-langselector-item sp-altlang\">\n                   <a href=\"https:\/\/wocadenmark.com\/pl\/master-filler-aqua\/\"><div class=\"sp-langname\">Polski<\/div>\n                   <\/a>\n               <\/div>\n            <\/div><\/div>","system_slug":""},"_links":{"self":[{"href":"https:\/\/wocadenmark.com\/es\/wp-json\/wp\/v2\/product\/707","targetHints":{"allow":["GET"]}}],"collection":[{"href":"https:\/\/wocadenmark.com\/es\/wp-json\/wp\/v2\/product"}],"about":[{"href":"https:\/\/wocadenmark.com\/es\/wp-json\/wp\/v2\/types\/product"}],"wp:featuredmedia":[{"embeddable":true,"href":"https:\/\/wocadenmark.com\/es\/wp-json\/wp\/v2\/media\/3156"}],"wp:attachment":[{"href":"https:\/\/wocadenmark.com\/es\/wp-json\/wp\/v2\/media?parent=707"}],"wp:term":[{"taxonomy":"product_brand","embeddable":true,"href":"https:\/\/wocadenmark.com\/es\/wp-json\/wp\/v2\/product_brand?post=707"},{"taxonomy":"product_cat","embeddable":true,"href":"https:\/\/wocadenmark.com\/es\/wp-json\/wp\/v2\/product_cat?post=707"},{"taxonomy":"product_tag","embeddable":true,"href":"https:\/\/wocadenmark.com\/es\/wp-json\/wp\/v2\/product_tag?post=707"}],"curies":[{"name":"wp","href":"https:\/\/api.w.org\/{rel}","templated":true}]}}